{"id":91,"date":"2018-08-09T12:35:35","date_gmt":"2018-08-09T12:35:35","guid":{"rendered":"https:\/\/demosites.io\/neve\/?page_id=2"},"modified":"2020-08-17T22:27:58","modified_gmt":"2020-08-17T22:27:58","slug":"d41d8-onboarding-bb-home","status":"publish","type":"page","link":"https:\/\/cfo-solutions.at\/","title":{"rendered":"Home"},"content":{"rendered":"\n\t<h1>\n\t\t\t\t\t<strong>Ihr flexibles Finance Management Team<\/strong>\n\t\t\t\t<\/h1>\n\t\t\t<a href=\"#Leistungen\" target=\"_self\" role=\"button\" rel=\"noopener noreferrer\">\n\t\t\t\t\t\tEntdecken Sie unsere Leistungen\n\t\t<\/a>\n\t<p>01<\/p>\n\t<h2>\n\t\t\t\t\tCFO SOLUTIONS ST\u00c4RKT IHRE FINANZORGANISATION UND SCHAFFT ERGEBNISSE\n\t\t\t\t<\/h2>\n\t\t\t\t<img src=\"https:\/\/s33834.pcdn.co\/onboarding-bb\/wp-content\/uploads\/sites\/250\/2018\/12\/neve-envelope-1.png\" alt=\"envelope-1\" itemprop=\"image\"\/>\n\t<h5>\n\t\t\t\t\tVER\u00c4NDERUNGEN BESCHLEUNIGEN UND KOSTEN SENKEN\n\t\t\t\t<\/h5>\n\t\t\t<p>Operative Gesellschaften in globalen Konzernen m\u00fcssen die Entwicklungen bew\u00e4ltigen, die von der Zentrale vorgegeben werden. Kosten und Leistungen des Finanzbereiches stehen st\u00e4ndig unter Verbesserungsdruck. Der CFO ist ausschlaggebend, um die \u00dcbereinstimmung der operativen Ziele mit den Erwartungen der Gruppe sicherzustellen.<\/p>\t\t\n\t\t\t\t<img src=\"http:\/\/cfo-solutions.at\/wp-content\/uploads\/2018\/12\/neve-unlimited-revisions2.png\" alt=\"unlimited-revisions2\" itemprop=\"image\"\/>\n\t<h5>\n\t\t\t\t\tTURNAROUND BEW\u00c4LTIGEN\n\t\t\t\t<\/h5>\n\t\t\t<p>Restrukturierung kommt immer \u00fcberraschend und die getroffenen Ma\u00dfnahmen sind immer zu sp\u00e4t. Sicher ist, dass die n\u00e4chste Reorganisation fr\u00fcher oder sp\u00e4ter kommen wird. CFOs m\u00fcssen darauf vorbereitet sein und in der Organisation die ben\u00f6tigte Agilit\u00e4t verankern.<\/p>\t\t\n\t\t\t\t<img src=\"https:\/\/s33834.pcdn.co\/onboarding-bb\/wp-content\/uploads\/sites\/250\/2018\/12\/neve-photography-1.png\" alt=\"photography-1\" itemprop=\"image\"\/>\n\t<h5>\n\t\t\t\t\tSYNERGIEN REALISIEREN\n\t\t\t\t<\/h5>\n\t\t\t<p>Die Integration einer Organisation nach einer \u00dcbernahme ist aufwendig. Hoher Erwartungsdruck vom Management, um die erwarteten Synergien zu realisieren. Hohe Unsicherheit der Mitarbeiter erfordert aufmerksame Kommunikation. Um eine \u00dcbernahme auch in der letzten Phase zum Erfolg zu f\u00fchren, hilft frische Kraft und spezifische Erfahrung von Au\u00dfen.<\/p>\t\t\n\t<p>02<\/p>\n\t<h2>\n\t\t\t\t\tWARUM CFO SOLUTIONS?\n\t\t\t\t<\/h2>\n\t\t\t<ul data-scrollreveal=\"enter right after 0s over 1s\" data-sr-init=\"true\" data-sr-complete=\"true\">\n<li>\n<h6><label for=\"initiativen-werden-durchgefuehrt\">INITIATIVEN WERDEN DURCHGEF\u00dcHRT<\/label><\/h6>\nWir erstellen realistische Detailpl\u00e4ne f\u00fcr Ihre Initiativen und sorgen f\u00fcr die Fertigstellung in der geplanten Zeit und im geplanten Budget.<\/li>\n<li><br><h6><label for=\"leistungsfaehigkeit-wird-gesteigert\">LEISTUNGSF\u00c4HIGKEIT WIRD GESTEIGERT<\/label><\/h6>\n\n<\/li>\n<\/ul>\n<p>Wir bringen Ihnen das Wissen und die Branchenerfahrung, um die Weiterentwicklung Ihrer Finanzorganisation zu beschleunigen.<\/p>\n<ul data-scrollreveal=\"enter right after 0s over 1s\" data-sr-init=\"true\" data-sr-complete=\"true\">\n<li><br><h6><label for=\"kosten-werden-reduziert\">KOSTEN WERDEN REDUZIERT<\/label><\/h6>\nWir fokussieren Ihr Team auf die werthaltigen T\u00e4tigkeiten und machen Ihre Finanzprozesse schlank.<\/li>\n<li><br><h6><label for=\"sicherheit-wird-geschaffen\">SICHERHEIT WIRD GESCHAFFEN<\/label><\/h6>\nWir haben Ihre Ersatzl\u00f6sung bereit. Sorgen Sie rechtzeitig f\u00fcr Beweglichkeit und Reaktionsgeschwindigkeit, um f\u00fcr jede Herausforderung ger\u00fcstet zu sein.<\/li>\n<\/ul>\n\t<h2>\n\t\t\t\t\tLeistungen\n\t\t\t\t<\/h2>\n\t\t\t\t<img src=\"https:\/\/s33834.pcdn.co\/onboarding-bb\/wp-content\/uploads\/sites\/250\/2018\/12\/neve-chart-up-1.png\" alt=\"chart-up-1\" itemprop=\"image\"\/>\n\t<h6>\n\t\t\t\t\t<a href=\"http:\/\/cfo-solutions.at\/index.php\/leistungen#GovernanceCheck\" title=\"Governance check\" target=\"_self\" rel=\"noopener noreferrer\">\n\t\t\t\t\t\tGovernance check\n\t\t\t\t\t\t<\/a>\n\t\t\t<\/h6>\n\t\t\t\t<img src=\"http:\/\/cfo-solutions.at\/wp-content\/uploads\/2018\/12\/neve-map-1.png\" alt=\"map-1\" itemprop=\"image\"\/>\n\t<h6>\n\t\t\t\t\t<a href=\"http:\/\/cfo-solutions.at\/index.php\/leistungen\/#Backlog\" title=\"Backlog in standard processing tasks\" target=\"_self\" rel=\"noopener noreferrer\">\n\t\t\t\t\t\tBacklog in standard processing tasks\n\t\t\t\t\t\t<\/a>\n\t\t\t<\/h6>\n\t\t\t\t<img src=\"http:\/\/cfo-solutions.at\/wp-content\/uploads\/2018\/12\/neve-clock-1.png\" alt=\"clock-1\" itemprop=\"image\"\/>\n\t<h6>\n\t\t\t\t\t<a href=\"http:\/\/cfo-solutions.at\/index.php\/leistungen\/#CostCutting\" title=\"Finance function cost cutting\" target=\"_self\" rel=\"noopener noreferrer\">\n\t\t\t\t\t\tFinance function cost cutting\n\t\t\t\t\t\t<\/a>\n\t\t\t<\/h6>\n\t\t\t\t<img src=\"http:\/\/cfo-solutions.at\/wp-content\/uploads\/2018\/12\/neve-strict-deadline1.png\" alt=\"strict-deadline1\" itemprop=\"image\"\/>\n\t<h6>\n\t\t\t\t\t<a href=\"http:\/\/cfo-solutions.at\/index.php\/leistungen\/#Outsourcing\" title=\"Transition for Finance Outsourcing\" target=\"_self\" rel=\"noopener noreferrer\">\n\t\t\t\t\t\tTransition for Finance Outsourcing\n\t\t\t\t\t\t<\/a>\n\t\t\t<\/h6>\n\t\t\t\t<img src=\"http:\/\/cfo-solutions.at\/wp-content\/uploads\/2018\/11\/neve-play.png\" alt=\"play\" itemprop=\"image\"\/>\n\t<h6>\n\t\t\t\t\t<a href=\"http:\/\/cfo-solutions.at\/index.php\/leistungen\/#Lean\" title=\"Lean Reporting\" target=\"_self\" rel=\"noopener noreferrer\">\n\t\t\t\t\t\tLean Reporting\n\t\t\t\t\t\t<\/a>\n\t\t\t<\/h6>\n\t\t\t\t<img src=\"http:\/\/cfo-solutions.at\/wp-content\/uploads\/2018\/12\/neve-ultimate-perfection-1.png\" alt=\"ultimate-perfection-1\" itemprop=\"image\"\/>\n\t<h6>\n\t\t\t\t\t<a href=\"http:\/\/cfo-solutions.at\/index.php\/leistungen#InterimCFO\" title=\"Interim CFO\/Part time CFO\" target=\"_self\" rel=\"noopener noreferrer\">\n\t\t\t\t\t\tInterim CFO\/Part time CFO\n\t\t\t\t\t\t<\/a>\n\t\t\t<\/h6>\n\t<p>03<\/p>\n\t<h2>\n\t\t\t\t\tTEAM\n\t\t\t\t<\/h2>\n\t\t\t<p><strong>CFO Solutions<\/strong> ist auf den steigenden Bedarf an spezialisiertem und flexiblem Finanzmanagement in Unternehmen fokussiert. Besonderer Schwerpunkt liegt dabei auf dem messbaren Erreichen von Ergebnissen und der Umsetzung von Initiativen.<strong>Mag. Hans Havel<\/strong> hat mehr als 20 Jahre Erfahrung im Finanzmanagement in globalen Konzernen und \u00f6sterreichischen Unternehmen. Mit der F\u00fchrungserfahrung als CFO, Finanzmanager und Controller hat er in unterschiedlichen Branchen Umsetzungsst\u00e4rke bewiesen. Die besonderen Anforderungen an das Finanzmanagement in Unternehmen und wie man sie als Finanzmanager erfolgreich erf\u00fcllt, kennt er aus der Praxis.<\/p>\t\t\n\t\t\t\t<img loading=\"lazy\" src=\"http:\/\/cfo-solutions.at\/wp-content\/uploads\/2020\/08\/foto3_hochformat_13x19cm_v2neu.jpg\" alt=\"foto3_hochformat_13x19cm_v2neu\" itemprop=\"image\" height=\"2264\" width=\"2188\" title=\"foto3_hochformat_13x19cm_v2neu\" onerror=\"this.style.display='none'\"  \/>\n\t<h5>\n\t\t\t\t\t<a href=\"http:\/\/cfo-solutions.at\/index.php\/team\/\" title=\"Mag. Hans Havel\" target=\"_self\" rel=\"noopener noreferrer\">\n\t\t\t\t\t\tMag. Hans Havel\n\t\t\t\t\t\t<\/a>\n\t\t\t<\/h5>\n\t\t\t<p>Managing Partner<\/p>\t\t\n\t\t\t\t<img loading=\"lazy\" src=\"http:\/\/cfo-solutions.at\/wp-content\/uploads\/2020\/08\/candidates_header1.jpg\" alt=\"candidates_header1\" itemprop=\"image\" height=\"500\" width=\"2000\" title=\"candidates_header1\" onerror=\"this.style.display='none'\"  \/>\n\t<h5>\n\t\t\t\t\t<a href=\"http:\/\/cfo-solutions.at\/index.php\/team\/\" title=\"TEAM\" target=\"_self\" rel=\"noopener noreferrer\">\n\t\t\t\t\t\tTEAM\n\t\t\t\t\t\t<\/a>\n\t\t\t<\/h5>\n\t\t\t<p>Ein Team von Finanzexperten stellt sicher, dass f\u00fcr jede Anforderung die richtige Kompetenz eingesetzt wird. Spezialwissen, Branchenerfahrung und F\u00fchrungserfahrung werden im ben\u00f6tigten Ausma\u00df bereitgestellt.<\/p>\t\t\n\t<h2>CONTACT<\/h2>\n\t\t\t\t<img loading=\"lazy\" src=\"http:\/\/cfo-solutions.at\/wp-content\/uploads\/2020\/08\/envelope4-green.png\" alt=\"envelope4-green\" itemprop=\"image\" height=\"24\" width=\"30\" title=\"envelope4-green\" onerror=\"this.style.display='none'\"  \/>\n\t<p><a href=\"mailto:office@cfo-solutions.at\">office@cfo-solutions.at<\/a><\/p>\n\t\t\t\t<img loading=\"lazy\" src=\"http:\/\/cfo-solutions.at\/wp-content\/uploads\/2020\/08\/telephone65-blue.png\" alt=\"telephone65-blue\" itemprop=\"image\" height=\"30\" width=\"30\" title=\"telephone65-blue\" onerror=\"this.style.display='none'\"  \/>\n\t<p><a href=\"tel: +43 (0) 664 2024821\">+43 (0) 664 2024821<\/a><\/p>\n\t\t\t\t<img loading=\"lazy\" src=\"http:\/\/cfo-solutions.at\/wp-content\/uploads\/2020\/08\/LinkedIN-Logo.png\" alt=\"LinkedIN-Logo\" itemprop=\"image\" height=\"512\" width=\"512\" title=\"LinkedIN-Logo\" onerror=\"this.style.display='none'\"  \/>\n\t<p><a href=\"http:\/\/linkedin.com\/in\/hans-havel-21b80710\">Hans Havel<\/a><\/p>\n","protected":false},"excerpt":{"rendered":"<p>Ihr flexibles Finance Management Team Entdecken Sie unsere Leistungen 01 CFO SOLUTIONS ST\u00c4RKT IHRE FINANZORGANISATION UND SCHAFFT ERGEBNISSE VER\u00c4NDERUNGEN BESCHLEUNIGEN UND KOSTEN SENKEN Operative Gesellschaften in globalen Konzernen m\u00fcssen die Entwicklungen bew\u00e4ltigen, die von der Zentrale vorgegeben werden. Kosten und Leistungen des Finanzbereiches stehen st\u00e4ndig unter Verbesserungsdruck. Der CFO ist ausschlaggebend, um die \u00dcbereinstimmung der&hellip;&nbsp;<a href=\"https:\/\/cfo-solutions.at\/\" class=\"\" rel=\"bookmark\">Read More &raquo;<span class=\"screen-reader-text\">Home<\/span><\/a><\/p>\n","protected":false},"author":1,"featured_media":0,"parent":0,"menu_order":0,"comment_status":"closed","ping_status":"closed","template":"page-templates\/template-pagebuilder-full-width.php","meta":{"neve_meta_sidebar":"","neve_meta_container":"","neve_meta_enable_content_width":"off","neve_meta_content_width":0,"neve_meta_title_alignment":"","neve_meta_author_avatar":"","neve_post_elements_order":"","neve_meta_disable_header":"","neve_meta_disable_footer":"","neve_meta_disable_title":""},"_links":{"self":[{"href":"https:\/\/cfo-solutions.at\/index.php\/wp-json\/wp\/v2\/pages\/91"}],"collection":[{"href":"https:\/\/cfo-solutions.at\/index.php\/wp-json\/wp\/v2\/pages"}],"about":[{"href":"https:\/\/cfo-solutions.at\/index.php\/wp-json\/wp\/v2\/types\/page"}],"author":[{"embeddable":true,"href":"https:\/\/cfo-solutions.at\/index.php\/wp-json\/wp\/v2\/users\/1"}],"replies":[{"embeddable":true,"href":"https:\/\/cfo-solutions.at\/index.php\/wp-json\/wp\/v2\/comments?post=91"}],"version-history":[{"count":38,"href":"https:\/\/cfo-solutions.at\/index.php\/wp-json\/wp\/v2\/pages\/91\/revisions"}],"predecessor-version":[{"id":817,"href":"https:\/\/cfo-solutions.at\/index.php\/wp-json\/wp\/v2\/pages\/91\/revisions\/817"}],"wp:attachment":[{"href":"https:\/\/cfo-solutions.at\/index.php\/wp-json\/wp\/v2\/media?parent=91"}],"curies":[{"name":"wp","href":"https:\/\/api.w.org\/{rel}","templated":true}]}}