{"id":768,"date":"2020-08-17T20:47:23","date_gmt":"2020-08-17T20:47:23","guid":{"rendered":"http:\/\/cfo-solutions.at\/?page_id=768"},"modified":"2020-08-17T21:14:20","modified_gmt":"2020-08-17T21:14:20","slug":"impressum","status":"publish","type":"page","link":"http:\/\/cfo-solutions.at\/index.php\/impressum\/","title":{"rendered":"Impressum"},"content":{"rendered":"\n\t<h2 id=\"block-cdee7d58-d207-4da0-bc9e-0f24ec205209\">Impressum<\/h2>\n<strong>Informationspflicht lt. \u00a75 E-Commerce Gesetz, \u00a714 Unternehmensgesetzbuch bzw. \u00a763 Gewerbeordung und Offenlegungspflicht lt. \u00a725 Mediengesetz<\/strong>\n\u00a0<strong>Medieninhaber und Herausgeber:<\/strong>\u00a0Mag. Hans Havel\n<strong>Gesch\u00e4ftszweig:<\/strong>\u00a0Unternehmensberatung einschlie\u00dflich der Unternehmensorganisation\n<strong>Firmenbuchnummer:<\/strong>\u00a0nicht eingetragen\n<strong>Firmenbuchgericht:<\/strong>\u00a0Handelsgericht Wien\n<strong>UID:<\/strong>\u00a0ATU74598704\nBeh\u00f6rde gem.<strong>ECG\u00a0(E-Commerce Gesetz):\u00a0<\/strong>Magistratisches Bezirksamt\u00a0des IX. Bezirkes\n<strong>Rechtsform:<\/strong>\u00a0Einzelunternehmen\n<strong>Sitz in:<\/strong>\u00a0politischer Gemeinde Wien\n<strong>Fachgruppen der Wirtschaftskammer Wien:<\/strong>\u00a0Unternehmensberatung und Informationstechnologie\n<h2 id=\"block-8a114a97-c3f5-4278-afc5-95f5b63ef4b7\">Allgemeine Gesch\u00e4ftsbedingungen<\/h2>\nWir verwenden die allgemeinen Gesch\u00e4ftsbedingungen der WKO. Sie k\u00f6nnen sich diese einfach und bequem downloaden und direkt auf Ihrem Rechner ansehen. Klicken Sie auf untenstehenden Link und w\u00e4hlen Sie im Fenster die Schaltfl\u00e4che \u201d\u00d6ffnen\u201d um das Dokument online zu lesen die Schaltfl\u00e4che \u201dSichern\u201d um das Dokument auf Ihrem Rechner abzuspeichern.\n<a href=\"http:\/\/cfo-solutions.at\/wp-content\/uploads\/2020\/08\/UB_AGB_2015.pdf\" target=\"_blank\" rel=\"noopener noreferrer\"><strong>Allgemeine Gesch\u00e4ftsbedingungen_2015<\/strong><\/a>\n<a href=\"http:\/\/cfo-solutions.at\/wp-content\/uploads\/2020\/08\/terms-and-conditions_2012.pdf\" target=\"_blank\" rel=\"noopener noreferrer\"><strong>Terms-and-conditions_2012<\/strong><\/a>\n<h2 id=\"block-0da15688-d4a6-4e04-89a5-46fe2e56ede1\">Datenschutzerkl\u00e4rung<\/h2>\nDiese Website benutzt Google Analytics, einen Webanalysedienst der Google Inc. (\u201eGoogle\u201c). Google Analytics verwendet sog. \u201eCookies\u201c, Textdateien, die auf Ihrem Computer gespeichert werden und die eine Analyse der Benutzung der Website durch Sie erm\u00f6glichen. Die durch den Cookie erzeugten Informationen \u00fcber Ihre Benutzung dieser Website werden in der Regel an einen Server von Google in den USA \u00fcbertragen und dort gespeichert. Im Falle der Aktivierung der IP-Anonymisierung auf dieser Webseite, wird Ihre IP-Adresse von Google jedoch innerhalb von Mitgliedstaaten der Europ\u00e4ischen Union oder in anderen Vertragsstaaten des Abkommens \u00fcber den Europ\u00e4ischen Wirtschaftsraum zuvor gek\u00fcrzt. Nur in Ausnahmef\u00e4llen wird die volle IP-Adresse an einen Server von Google in den USA \u00fcbertragen und dort gek\u00fcrzt. Im Auftrag des Betreibers dieser Website wird Google diese Informationen benutzen, um Ihre Nutzung der Website auszuwerten, um Reports \u00fcber die Websiteaktivit\u00e4ten zusammenzustellen und um weitere mit der Websitenutzung und der Internetnutzung verbundene Dienstleistungen gegen\u00fcber dem Websitebetreiber zu erbringen. Die im Rahmen von Google Analytics von Ihrem Browser \u00fcbermittelte IP-Adresse wird nicht mit anderen Daten von Google zusammengef\u00fchrt. Sie k\u00f6nnen die Speicherung der Cookies durch eine entsprechende Einstellung Ihrer Browser-Software verhindern; wir weisen Sie jedoch darauf hin, dass Sie in diesem Fall gegebenenfalls nicht s\u00e4mtliche Funktionen dieser Website vollumf\u00e4nglich werden nutzen k\u00f6nnen. Sie k\u00f6nnen dar\u00fcber hinaus die Erfassung der durch das Cookie erzeugten und auf Ihre Nutzung der Website bezogenen Daten (inkl. Ihrer IP-Adresse) an Google sowie die Verarbeitung dieser Daten durch Google verhindern, indem Sie das unter dem folgenden Link verf\u00fcgbare Browser-Plugin herunterladen und installieren:\u00a0<a href=\"http:\/\/tools.google.com\/dlpage\/gaoptout\" target=\"_blank\" rel=\"noreferrer noopener\">http:\/\/tools.google.com\/dlpage\/gaoptout<\/a>\nN\u00e4here Informationen zu Nutzungsbedingungen und Datenschutz finden Sie unter den\u00a0<a href=\"http:\/\/www.google.com\/analytics\/terms\/de.html\" target=\"_blank\" rel=\"noreferrer noopener\">Google Analytics Bedingungen<\/a>\u00a0bzw. unter der\u00a0<a href=\"http:\/\/www.google.com\/intl\/de\/policies\/privacy\/index.html\" target=\"_blank\" rel=\"noreferrer noopener\">Google Analytics \u00dcbersicht<\/a>. Wir weisen Sie darauf hin, dass auf dieser Webseite Google Analytics um den Code \u201egat._anonymizeIp();\u201c erweitert wurde, um eine anonymisierte Erfassung von IP-Adressen (sog. IP-Masking) zu gew\u00e4hrleisten.\n<h2 id=\"block-9ad018b1-dcd6-4945-9911-2676a59d477c\">Rechtliche Hinweise<\/h2>\n<strong>Haftungsausschluss<\/strong><br \/>\nDie Informationen auf unseren Internetseiten werden mit gr\u00f6\u00dfter Sorgfalt erstellt. Bitte haben Sie dennoch Verst\u00e4ndnis, dass Mag. Hans Havel keine Gew\u00e4hr f\u00fcr deren Vollst\u00e4ndigkeit, Richtigkeit und Aktualit\u00e4t \u00fcbernehmen kann.\nSie finden auf dieser Website direkte und indirekte Verbindungen (\u201eHyperlinks\u201d) zu unternehmensfremden Websites. Bitte beachten Sie, dass Mag. Hans Havel lediglich den Zugang zu diesen Websites vermittelt, jedoch keine Verantwortung f\u00fcr deren Inhalt \u00fcbernimmt. Mag. Hans Havel haftet daher auch nicht f\u00fcr die Verletzung von Urheberrechten, Marken- und Pers\u00f6nlichkeitsrechten, die auf einer verlinkten Seite begangen werden.\nBitte beachten Sie, dass s\u00e4mtliche Downloads auf eigene Gefahr erfolgen. Trotz aktueller Virenpr\u00fcfung ist eine Haftung f\u00fcr Sch\u00e4den und Beeintr\u00e4chtigungen durch Computerviren im Rahmen der gesetzlichen Regelung leider ausgeschlossen.\n<strong>Datenspeicherung und Privatsph\u00e4re<\/strong><br \/>\nWenn Sie mit uns Kontakt aufnehmen, werden lediglich Informationen gespeichert, die f\u00fcr die Bearbeitung Ihrer Anfrage von Belang sind. Haben Sie uns personenbezogene Daten zur Verf\u00fcgung gestellt und w\u00fcnschen Sie nun die L\u00f6schung dieser Informationen, ersuchen wir Sie, uns per e-Mail an office@cfo-solutions.at oder auf dem Postwege zu kontaktieren. Wir werden umgehend die L\u00f6schung Ihrer Daten veranlassen.\n<strong>Copyright<\/strong><br \/>\nDeshalb sind s\u00e4mtliche auf dieser Website abrufbaren Inhalte \u2013 Texte, Bilder, Modelle und Prozesse, Layout- und Designelemente \u2013 urheberrechtlich gesch\u00fctzt. Eine Bearbeitung, gewerbliche Nutzung, Weitergabe, Aufnahme in andere Werke oder Publikationen auf drucktechnischem bzw. elektronischem Wege sowie eine weitergehende Nutzung stellt einen Urheberrechtsversto\u00df dar. Davon ausgenommen sind nat\u00fcrlich die daf\u00fcr vorgesehenen Pressemitteilungen und Fotos.\nDie Benutzungsbedingungen unterliegen \u00f6sterreichischem Recht. Gerichtsstand f\u00fcr Streitigkeiten, die diese Internet-Auftritte betreffen, ist Wien. Sollte eine der Bestimmungen dieser Benutzungsbedingungen unwirksam sein oder werden, wird die G\u00fcltigkeit der \u00fcbrigen Bestimmungen davon nicht ber\u00fchrt.\n","protected":false},"excerpt":{"rendered":"<p>Impressum Informationspflicht lt. \u00a75 E-Commerce Gesetz, \u00a714 Unternehmensgesetzbuch bzw. \u00a763 Gewerbeordung und Offenlegungspflicht lt. \u00a725 Mediengesetz \u00a0Medieninhaber und Herausgeber:\u00a0Mag. Hans Havel Gesch\u00e4ftszweig:\u00a0Unternehmensberatung einschlie\u00dflich der Unternehmensorganisation Firmenbuchnummer:\u00a0nicht eingetragen Firmenbuchgericht:\u00a0Handelsgericht Wien UID:\u00a0ATU74598704 Beh\u00f6rde gem.ECG\u00a0(E-Commerce Gesetz):\u00a0Magistratisches Bezirksamt\u00a0des IX. Bezirkes Rechtsform:\u00a0Einzelunternehmen Sitz in:\u00a0politischer Gemeinde Wien Fachgruppen der Wirtschaftskammer Wien:\u00a0Unternehmensberatung und Informationstechnologie Allgemeine Gesch\u00e4ftsbedingungen Wir verwenden die allgemeinen Gesch\u00e4ftsbedingungen der&hellip;&nbsp;<a href=\"http:\/\/cfo-solutions.at\/index.php\/impressum\/\" class=\"\" rel=\"bookmark\">Read More &raquo;<span class=\"screen-reader-text\">Impressum<\/span><\/a><\/p>\n","protected":false},"author":1,"featured_media":0,"parent":0,"menu_order":0,"comment_status":"closed","ping_status":"closed","template":"","meta":{"neve_meta_sidebar":"full-width","neve_meta_container":"","neve_meta_enable_content_width":"on","neve_meta_content_width":100,"neve_meta_title_alignment":"","neve_meta_author_avatar":"","neve_post_elements_order":"","neve_meta_disable_header":"","neve_meta_disable_footer":"","neve_meta_disable_title":""},"_links":{"self":[{"href":"http:\/\/cfo-solutions.at\/index.php\/wp-json\/wp\/v2\/pages\/768"}],"collection":[{"href":"http:\/\/cfo-solutions.at\/index.php\/wp-json\/wp\/v2\/pages"}],"about":[{"href":"http:\/\/cfo-solutions.at\/index.php\/wp-json\/wp\/v2\/types\/page"}],"author":[{"embeddable":true,"href":"http:\/\/cfo-solutions.at\/index.php\/wp-json\/wp\/v2\/users\/1"}],"replies":[{"embeddable":true,"href":"http:\/\/cfo-solutions.at\/index.php\/wp-json\/wp\/v2\/comments?post=768"}],"version-history":[{"count":3,"href":"http:\/\/cfo-solutions.at\/index.php\/wp-json\/wp\/v2\/pages\/768\/revisions"}],"predecessor-version":[{"id":784,"href":"http:\/\/cfo-solutions.at\/index.php\/wp-json\/wp\/v2\/pages\/768\/revisions\/784"}],"wp:attachment":[{"href":"http:\/\/cfo-solutions.at\/index.php\/wp-json\/wp\/v2\/media?parent=768"}],"curies":[{"name":"wp","href":"https:\/\/api.w.org\/{rel}","templated":true}]}}